{"id":1000,"date":"2018-05-28T10:09:20","date_gmt":"2018-05-28T07:09:20","guid":{"rendered":"https:\/\/fitclub.lt\/?page_id=1000"},"modified":"2018-05-28T10:22:53","modified_gmt":"2018-05-28T07:22:53","slug":"membership-e-saskaita","status":"publish","type":"page","link":"https:\/\/fitclub.lt\/en\/membership-e-saskaita\/","title":{"rendered":"What is Membership &#8220;E-s\u0105skaita&#8221;?"},"content":{"rendered":"<h1 style=\"text-align: justify;\">Membership &#8220;E-s\u0105skaita&#8221;<\/h1>\n<p style=\"text-align: justify;\"><span style=\"font-weight: 400;\">If you want to buy yearly membership but you can\u2019t or do not want to pay all membership price at once, E-s\u0105skaita membership lets You to pay for your membership in monthly payments. All you have to do is to sign E-s\u0105skaita agreement. When you sign E-s\u0105skaita agreement, price (19.95 euros + administrative fee) for your membership is automatically transfered to FitClub 24\/7 every month. How does this work? <\/span><\/p>\n<ol style=\"text-align: justify;\">\n<li style=\"font-weight: 400;\"><span style=\"font-weight: 400;\">You can sign E-s\u0105skaita agreement by buying membershib\u00a0<\/span><a href=\"https:\/\/sportgates.lt\/tapk-nariu-kaune-klaipedoje\/?b=33\"><span style=\"font-weight: 400;\">online <\/span><\/a><span style=\"font-weight: 400;\">or you can sign agreement in the club (V. Kr\u0117v\u0117s av. 57, Kaunas or \u0160iaur\u0117s av. 8D, Kaunas) . Don\u2019t forget to have your ID and bank account number. <\/span><\/li>\n<li style=\"font-weight: 400;\"><span style=\"font-weight: 400;\">After You sign E-s\u0105skaita agreement, you have to set automatic payments through Electronic banking system.\u00a0<\/span><\/li>\n<li style=\"font-weight: 400;\"><span style=\"font-weight: 400;\">Once you are already set &#8211; payment for membership (19.95 euros) will be automaticaly tranfered to our system every month.\u00a0<\/span><\/li>\n<li style=\"font-weight: 400;\"><span style=\"font-weight: 400;\">That\u2019s all! <\/span><\/li>\n<\/ol>\n<p style=\"text-align: justify;\">\u00a0Monthly payment of E-s\u0105skaita membership starts counting from the first day of the month. For example: if you bought e-s\u0105skaita on the first day of the month \u2013 you will have to pay\u00a0 full price of 19.95 euros, but if you bought your membership on the second, third or later days of the month \u2013 payment will be calculated from the day you bought your membership.<\/p>\n<p><span style=\"font-size: 12pt;\">\u00a0<\/span><\/p>\n","protected":false},"excerpt":{"rendered":"<p>Membership &#8220;E-s\u0105skaita&#8221; If you want to buy yearly membership but you can\u2019t or do not want to pay all membership price at once, E-s\u0105skaita membership lets You to pay for your membership in monthly payments. All you have to do is to sign E-s\u0105skaita agreement. When you sign E-s\u0105skaita agreement, price (19.95 euros + administrative [&hellip;]<\/p>\n","protected":false},"author":1,"featured_media":812,"parent":0,"menu_order":0,"comment_status":"closed","ping_status":"closed","template":"","meta":[],"yoast_head":"<!-- This site is optimized with the Yoast SEO plugin v21.1 - https:\/\/yoast.com\/wordpress\/plugins\/seo\/ -->\n<title>What is Membership &quot;E-s\u0105skaita&quot;? - FitClub.lt<\/title>\n<meta name=\"robots\" content=\"index, follow, max-snippet:-1, max-image-preview:large, max-video-preview:-1\" \/>\n<link rel=\"canonical\" href=\"https:\/\/fitclub.lt\/en\/membership-e-saskaita\/\" \/>\n<meta property=\"og:locale\" content=\"en_US\" \/>\n<meta property=\"og:type\" content=\"article\" \/>\n<meta property=\"og:title\" content=\"What is Membership &quot;E-s\u0105skaita&quot;? - FitClub.lt\" \/>\n<meta property=\"og:description\" content=\"Membership &#8220;E-s\u0105skaita&#8221; If you want to buy yearly membership but you can\u2019t or do not want to pay all membership price at once, E-s\u0105skaita membership lets You to pay for your membership in monthly payments. All you have to do is to sign E-s\u0105skaita agreement. When you sign E-s\u0105skaita agreement, price (19.95 euros + administrative [&hellip;]\" \/>\n<meta property=\"og:url\" content=\"https:\/\/fitclub.lt\/en\/membership-e-saskaita\/\" \/>\n<meta property=\"og:site_name\" content=\"FitClub.lt\" \/>\n<meta property=\"article:modified_time\" content=\"2018-05-28T07:22:53+00:00\" \/>\n<meta property=\"og:image\" content=\"https:\/\/fitclub.lt\/wp-content\/uploads\/2017\/05\/banner-1024x560.png\" \/>\n\t<meta property=\"og:image:width\" content=\"1024\" \/>\n\t<meta property=\"og:image:height\" content=\"560\" \/>\n\t<meta property=\"og:image:type\" content=\"image\/png\" \/>\n<meta name=\"twitter:card\" content=\"summary_large_image\" \/>\n<meta name=\"twitter:label1\" content=\"Est. reading time\" \/>\n\t<meta name=\"twitter:data1\" content=\"1 minute\" \/>\n<script type=\"application\/ld+json\" class=\"yoast-schema-graph\">{\"@context\":\"https:\/\/schema.org\",\"@graph\":[{\"@type\":\"WebPage\",\"@id\":\"https:\/\/fitclub.lt\/en\/membership-e-saskaita\/\",\"url\":\"https:\/\/fitclub.lt\/en\/membership-e-saskaita\/\",\"name\":\"What is Membership \\\"E-s\u0105skaita\\\"? - FitClub.lt\",\"isPartOf\":{\"@id\":\"https:\/\/fitclub.lt\/en\/#website\"},\"datePublished\":\"2018-05-28T07:09:20+00:00\",\"dateModified\":\"2018-05-28T07:22:53+00:00\",\"breadcrumb\":{\"@id\":\"https:\/\/fitclub.lt\/en\/membership-e-saskaita\/#breadcrumb\"},\"inLanguage\":\"en-US\",\"potentialAction\":[{\"@type\":\"ReadAction\",\"target\":[\"https:\/\/fitclub.lt\/en\/membership-e-saskaita\/\"]}]},{\"@type\":\"BreadcrumbList\",\"@id\":\"https:\/\/fitclub.lt\/en\/membership-e-saskaita\/#breadcrumb\",\"itemListElement\":[{\"@type\":\"ListItem\",\"position\":1,\"name\":\"Home\",\"item\":\"https:\/\/fitclub.lt\/en\/\"},{\"@type\":\"ListItem\",\"position\":2,\"name\":\"What is Membership &#8220;E-s\u0105skaita&#8221;?\"}]},{\"@type\":\"WebSite\",\"@id\":\"https:\/\/fitclub.lt\/en\/#website\",\"url\":\"https:\/\/fitclub.lt\/en\/\",\"name\":\"FitClub.lt\",\"description\":\"\",\"potentialAction\":[{\"@type\":\"SearchAction\",\"target\":{\"@type\":\"EntryPoint\",\"urlTemplate\":\"https:\/\/fitclub.lt\/en\/?s={search_term_string}\"},\"query-input\":\"required name=search_term_string\"}],\"inLanguage\":\"en-US\"}]}<\/script>\n<!-- \/ Yoast SEO plugin. -->","yoast_head_json":{"title":"What is Membership \"E-s\u0105skaita\"? - FitClub.lt","robots":{"index":"index","follow":"follow","max-snippet":"max-snippet:-1","max-image-preview":"max-image-preview:large","max-video-preview":"max-video-preview:-1"},"canonical":"https:\/\/fitclub.lt\/en\/membership-e-saskaita\/","og_locale":"en_US","og_type":"article","og_title":"What is Membership \"E-s\u0105skaita\"? - FitClub.lt","og_description":"Membership &#8220;E-s\u0105skaita&#8221; If you want to buy yearly membership but you can\u2019t or do not want to pay all membership price at once, E-s\u0105skaita membership lets You to pay for your membership in monthly payments. All you have to do is to sign E-s\u0105skaita agreement. When you sign E-s\u0105skaita agreement, price (19.95 euros + administrative [&hellip;]","og_url":"https:\/\/fitclub.lt\/en\/membership-e-saskaita\/","og_site_name":"FitClub.lt","article_modified_time":"2018-05-28T07:22:53+00:00","og_image":[{"width":1024,"height":560,"url":"https:\/\/fitclub.lt\/wp-content\/uploads\/2017\/05\/banner-1024x560.png","type":"image\/png"}],"twitter_card":"summary_large_image","twitter_misc":{"Est. reading time":"1 minute"},"schema":{"@context":"https:\/\/schema.org","@graph":[{"@type":"WebPage","@id":"https:\/\/fitclub.lt\/en\/membership-e-saskaita\/","url":"https:\/\/fitclub.lt\/en\/membership-e-saskaita\/","name":"What is Membership \"E-s\u0105skaita\"? - FitClub.lt","isPartOf":{"@id":"https:\/\/fitclub.lt\/en\/#website"},"datePublished":"2018-05-28T07:09:20+00:00","dateModified":"2018-05-28T07:22:53+00:00","breadcrumb":{"@id":"https:\/\/fitclub.lt\/en\/membership-e-saskaita\/#breadcrumb"},"inLanguage":"en-US","potentialAction":[{"@type":"ReadAction","target":["https:\/\/fitclub.lt\/en\/membership-e-saskaita\/"]}]},{"@type":"BreadcrumbList","@id":"https:\/\/fitclub.lt\/en\/membership-e-saskaita\/#breadcrumb","itemListElement":[{"@type":"ListItem","position":1,"name":"Home","item":"https:\/\/fitclub.lt\/en\/"},{"@type":"ListItem","position":2,"name":"What is Membership &#8220;E-s\u0105skaita&#8221;?"}]},{"@type":"WebSite","@id":"https:\/\/fitclub.lt\/en\/#website","url":"https:\/\/fitclub.lt\/en\/","name":"FitClub.lt","description":"","potentialAction":[{"@type":"SearchAction","target":{"@type":"EntryPoint","urlTemplate":"https:\/\/fitclub.lt\/en\/?s={search_term_string}"},"query-input":"required name=search_term_string"}],"inLanguage":"en-US"}]}},"_links":{"self":[{"href":"https:\/\/fitclub.lt\/en\/wp-json\/wp\/v2\/pages\/1000"}],"collection":[{"href":"https:\/\/fitclub.lt\/en\/wp-json\/wp\/v2\/pages"}],"about":[{"href":"https:\/\/fitclub.lt\/en\/wp-json\/wp\/v2\/types\/page"}],"author":[{"embeddable":true,"href":"https:\/\/fitclub.lt\/en\/wp-json\/wp\/v2\/users\/1"}],"replies":[{"embeddable":true,"href":"https:\/\/fitclub.lt\/en\/wp-json\/wp\/v2\/comments?post=1000"}],"version-history":[{"count":2,"href":"https:\/\/fitclub.lt\/en\/wp-json\/wp\/v2\/pages\/1000\/revisions"}],"predecessor-version":[{"id":1002,"href":"https:\/\/fitclub.lt\/en\/wp-json\/wp\/v2\/pages\/1000\/revisions\/1002"}],"wp:featuredmedia":[{"embeddable":true,"href":"https:\/\/fitclub.lt\/en\/wp-json\/wp\/v2\/media\/812"}],"wp:attachment":[{"href":"https:\/\/fitclub.lt\/en\/wp-json\/wp\/v2\/media?parent=1000"}],"curies":[{"name":"wp","href":"https:\/\/api.w.org\/{rel}","templated":true}]}}